{"id":110,"date":"2019-10-15T16:17:19","date_gmt":"2019-10-15T14:17:19","guid":{"rendered":"http:\/\/lesterrassesdesbouleaux.com\/?page_id=110"},"modified":"2019-10-15T16:17:19","modified_gmt":"2019-10-15T14:17:19","slug":"mentions-legales","status":"publish","type":"page","link":"https:\/\/lesterrassesdesbouleaux.com\/index.php\/mentions-legales\/","title":{"rendered":"Mentions l\u00e9gales"},"content":{"rendered":"<h3 class=\"head2 head1\">MENTIONS LEGALES<\/h3>\n<p><span class=\"Style65\"><span class=\"Style156\">Dans le cadre de la loi sur l\u2019\u00e9conomie num\u00e9rique, Jo du 22, Loi N\u00b0 2004-575<br \/>\nMentions L\u00e9gales<\/span><\/span><\/p>\n<p>Coordonn\u00e9es de l\u00b4EDITEUR<\/p>\n<p>D\u00e9nomination \/ Raison Sociale :\u00a0Active M\u00e9dia<br \/>\nRCS Mulhouse TI 529 179 871<br \/>\nN\u00b0 TVA Intracommunautaire :\u00a0FR 86 529179871<br \/>\nNom et Pr\u00e9nom(s) du responsable :\u00a0Ferrari Pascal<br \/>\nN\u00b0 de t\u00e9l\u00e9phone :\u00a006 08 98 77 77<br \/>\nForme juridique : EURL<br \/>\nAdresse du si\u00e8ge social : 39 rue Poincar\u00e9, 68700 Cernay<br \/>\nEmail :\u00a0info@activemedia.fr<br \/>\nAdresse du site web :\u00a0<a href=\"http:\/\/www.activemedia.fr\/\" target=\"_blank\" rel=\"noopener noreferrer\">www.activemedia.fr<\/a><\/p>\n<p class=\"Style156\">H\u00e9bergement<br \/>\nNom :\u00a01&amp;1 Internet SARL<br \/>\nAdresse :7, place de la Gare BP 70109 57201 Sarreguemines Cedex<br \/>\nTel :\u00a00970 808 911<br \/>\nMail :support@1and1.fr<br \/>\nSite :\u00a0www.1and1.fr<\/p>\n<h3 class=\"head2 head1\">CONDITIONS D\u2019UTILISATION<\/h3>\n<p class=\"Style156\" align=\"justify\">L\u2019ensemble des \u00e9l\u00e9ments composant ce site internet (graphismes, logo, images, textes, etc.) sont soumis \u00e0 la l\u00e9gislation en vigueur en mati\u00e8re de propri\u00e9t\u00e9 intellectuelle (droit d\u2019auteur, droit des marques, droit des bases de donn\u00e9es, etc.). Toute reproduction ou repr\u00e9sentation, totale ou partielle, de ce site Internet, par quelque proc\u00e9d\u00e9 et sur quelque support que ce soit, est interdite sauf autorisation pr\u00e9alable et expresse de l\u2019\u00e9diteur.<\/p>\n<p class=\"Style156\">Conform\u00e9ment \u00e0 la loi \u00ab informatique et libert\u00e9s \u00bb du 6 janvier 1978 modifi\u00e9e en 2004, vous b\u00e9n\u00e9ficiez d\u2019un droit d\u2019acc\u00e8s et de rectification aux informations qui vous concernent, que vous pouvez exercer en vous adressant \u00e0<br \/>\nActive M\u00e9dia E.U.R.L. \u2013 info@activemedia.fr<\/p>\n<p class=\"Style156\">Vous pouvez \u00e9galement, pour des motifs l\u00e9gitimes, vous opposer au traitement des donn\u00e9es vous concernant.<\/p>\n","protected":false},"excerpt":{"rendered":"<p>MENTIONS LEGALES Dans le cadre de la loi sur l\u2019\u00e9conomie num\u00e9rique, Jo du 22, Loi N\u00b0 2004-575 Mentions L\u00e9gales Coordonn\u00e9es de l\u00b4EDITEUR D\u00e9nomination \/ Raison Sociale :\u00a0Active M\u00e9dia RCS Mulhouse TI 529 179 871 N\u00b0 TVA Intracommunautaire :\u00a0FR 86 529179871 Nom et Pr\u00e9nom(s) du responsable :\u00a0Ferrari Pascal N\u00b0 de t\u00e9l\u00e9phone :\u00a006 08 98 77 77 [&hellip;]<\/p>\n","protected":false},"author":1,"featured_media":0,"parent":0,"menu_order":0,"comment_status":"closed","ping_status":"closed","template":"","meta":{"_monsterinsights_skip_tracking":false,"_monsterinsights_sitenote_active":false,"_monsterinsights_sitenote_note":"","_monsterinsights_sitenote_category":0,"footnotes":""},"yoast_head":"<!-- This site is optimized with the Yoast SEO plugin v16.3 - https:\/\/yoast.com\/wordpress\/plugins\/seo\/ -->\n<title>Mentions l\u00e9gales - Les Terrasses des Bouleaux<\/title>\n<meta name=\"robots\" content=\"index, follow, max-snippet:-1, max-image-preview:large, max-video-preview:-1\" \/>\n<link rel=\"canonical\" href=\"https:\/\/lesterrassesdesbouleaux.com\/index.php\/mentions-legales\/\" \/>\n<meta property=\"og:locale\" content=\"fr_FR\" \/>\n<meta property=\"og:type\" content=\"article\" \/>\n<meta property=\"og:title\" content=\"Mentions l\u00e9gales - Les Terrasses des Bouleaux\" \/>\n<meta property=\"og:description\" content=\"MENTIONS LEGALES Dans le cadre de la loi sur l\u2019\u00e9conomie num\u00e9rique, Jo du 22, Loi N\u00b0 2004-575 Mentions L\u00e9gales Coordonn\u00e9es de l\u00b4EDITEUR D\u00e9nomination \/ Raison Sociale :\u00a0Active M\u00e9dia RCS Mulhouse TI 529 179 871 N\u00b0 TVA Intracommunautaire :\u00a0FR 86 529179871 Nom et Pr\u00e9nom(s) du responsable :\u00a0Ferrari Pascal N\u00b0 de t\u00e9l\u00e9phone :\u00a006 08 98 77 77 [&hellip;]\" \/>\n<meta property=\"og:url\" content=\"https:\/\/lesterrassesdesbouleaux.com\/index.php\/mentions-legales\/\" \/>\n<meta property=\"og:site_name\" content=\"Les Terrasses des Bouleaux\" \/>\n<meta name=\"twitter:card\" content=\"summary_large_image\" \/>\n<meta name=\"twitter:label1\" content=\"Dur\u00e9e de lecture est.\">\n\t<meta name=\"twitter:data1\" content=\"1 minute\">\n<script type=\"application\/ld+json\" class=\"yoast-schema-graph\">{\"@context\":\"https:\/\/schema.org\",\"@graph\":[{\"@type\":\"Organization\",\"@id\":\"https:\/\/lesterrassesdesbouleaux.com\/#organization\",\"name\":\"Les Terrasses des Bouleaux\",\"url\":\"https:\/\/lesterrassesdesbouleaux.com\/\",\"sameAs\":[],\"logo\":{\"@type\":\"ImageObject\",\"@id\":\"https:\/\/lesterrassesdesbouleaux.com\/#logo\",\"inLanguage\":\"fr-FR\",\"url\":\"https:\/\/lesterrassesdesbouleaux.com\/wp-content\/uploads\/2019\/10\/cuisine.jpg\",\"contentUrl\":\"https:\/\/lesterrassesdesbouleaux.com\/wp-content\/uploads\/2019\/10\/cuisine.jpg\",\"width\":1500,\"height\":1125,\"caption\":\"Les Terrasses des Bouleaux\"},\"image\":{\"@id\":\"https:\/\/lesterrassesdesbouleaux.com\/#logo\"}},{\"@type\":\"WebSite\",\"@id\":\"https:\/\/lesterrassesdesbouleaux.com\/#website\",\"url\":\"https:\/\/lesterrassesdesbouleaux.com\/\",\"name\":\"Les Terrasses des Bouleaux\",\"description\":\"\",\"publisher\":{\"@id\":\"https:\/\/lesterrassesdesbouleaux.com\/#organization\"},\"potentialAction\":[{\"@type\":\"SearchAction\",\"target\":\"https:\/\/lesterrassesdesbouleaux.com\/?s={search_term_string}\",\"query-input\":\"required name=search_term_string\"}],\"inLanguage\":\"fr-FR\"},{\"@type\":\"WebPage\",\"@id\":\"https:\/\/lesterrassesdesbouleaux.com\/index.php\/mentions-legales\/#webpage\",\"url\":\"https:\/\/lesterrassesdesbouleaux.com\/index.php\/mentions-legales\/\",\"name\":\"Mentions l\\u00e9gales - Les Terrasses des Bouleaux\",\"isPartOf\":{\"@id\":\"https:\/\/lesterrassesdesbouleaux.com\/#website\"},\"datePublished\":\"2019-10-15T14:17:19+00:00\",\"dateModified\":\"2019-10-15T14:17:19+00:00\",\"breadcrumb\":{\"@id\":\"https:\/\/lesterrassesdesbouleaux.com\/index.php\/mentions-legales\/#breadcrumb\"},\"inLanguage\":\"fr-FR\",\"potentialAction\":[{\"@type\":\"ReadAction\",\"target\":[\"https:\/\/lesterrassesdesbouleaux.com\/index.php\/mentions-legales\/\"]}]},{\"@type\":\"BreadcrumbList\",\"@id\":\"https:\/\/lesterrassesdesbouleaux.com\/index.php\/mentions-legales\/#breadcrumb\",\"itemListElement\":[{\"@type\":\"ListItem\",\"position\":1,\"item\":{\"@type\":\"WebPage\",\"@id\":\"https:\/\/lesterrassesdesbouleaux.com\/\",\"url\":\"https:\/\/lesterrassesdesbouleaux.com\/\",\"name\":\"Accueil\"}},{\"@type\":\"ListItem\",\"position\":2,\"item\":{\"@id\":\"https:\/\/lesterrassesdesbouleaux.com\/index.php\/mentions-legales\/#webpage\"}}]}]}<\/script>\n<!-- \/ Yoast SEO plugin. -->","_links":{"self":[{"href":"https:\/\/lesterrassesdesbouleaux.com\/index.php\/wp-json\/wp\/v2\/pages\/110"}],"collection":[{"href":"https:\/\/lesterrassesdesbouleaux.com\/index.php\/wp-json\/wp\/v2\/pages"}],"about":[{"href":"https:\/\/lesterrassesdesbouleaux.com\/index.php\/wp-json\/wp\/v2\/types\/page"}],"author":[{"embeddable":true,"href":"https:\/\/lesterrassesdesbouleaux.com\/index.php\/wp-json\/wp\/v2\/users\/1"}],"replies":[{"embeddable":true,"href":"https:\/\/lesterrassesdesbouleaux.com\/index.php\/wp-json\/wp\/v2\/comments?post=110"}],"version-history":[{"count":1,"href":"https:\/\/lesterrassesdesbouleaux.com\/index.php\/wp-json\/wp\/v2\/pages\/110\/revisions"}],"predecessor-version":[{"id":111,"href":"https:\/\/lesterrassesdesbouleaux.com\/index.php\/wp-json\/wp\/v2\/pages\/110\/revisions\/111"}],"wp:attachment":[{"href":"https:\/\/lesterrassesdesbouleaux.com\/index.php\/wp-json\/wp\/v2\/media?parent=110"}],"curies":[{"name":"wp","href":"https:\/\/api.w.org\/{rel}","templated":true}]}}