{"id":327,"date":"2020-07-23T16:15:31","date_gmt":"2020-07-23T14:15:31","guid":{"rendered":"https:\/\/lesterrassesdesbouleaux.com\/?page_id=327"},"modified":"2023-12-24T09:34:38","modified_gmt":"2023-12-24T08:34:38","slug":"les-gites","status":"publish","type":"page","link":"https:\/\/lesterrassesdesbouleaux.com\/index.php\/les-gites\/","title":{"rendered":"Les g\u00eetes"},"content":{"rendered":"<div id='full_slider_1'  class='avia-fullwidth-slider main_color avia-shadow   avia-builder-el-0  el_before_av_section  avia-builder-el-first   container_wrap fullsize' style=' '  ><div   data-size='featured'  data-lightbox_size='large'  data-animation='slide'  data-conditional_play=''  data-ids='529'  data-video_counter='0'  data-autoplay='false'  data-bg_slider='false'  data-slide_height=''  data-handle='av_slideshow_full'  data-interval='5'  data-class=' '  data-el_id=''  data-css_id=''  data-scroll_down=''  data-control_layout='av-control-default'  data-custom_markup=''  data-perma_caption=''  data-autoplay_stopper=''  data-image_attachment=''  data-min_height='0px'  data-src=''  data-position='top left'  data-repeat='no-repeat'  data-attach='scroll'  data-stretch=''  data-default-height='28.666666666667'  class='avia-slideshow avia-slideshow-1  av-control-default av-default-height-applied avia-slideshow-featured av_slideshow_full   avia-slide-slider '  itemprop=\"image\" itemscope=\"itemscope\" itemtype=\"https:\/\/schema.org\/ImageObject\" ><ul class='avia-slideshow-inner ' style='padding-bottom: 28.666666666667%;' ><li  class=' av-single-slide slide-1 ' ><div data-rel='slideshow-1' class='avia-slide-wrap '   ><img src='https:\/\/lesterrassesdesbouleaux.com\/wp-content\/uploads\/2023\/12\/P4140875-1500x430.jpg' width='1500' height='430' title='P4140875' alt=''  itemprop=\"thumbnailUrl\"   \/><\/div><\/li><\/ul><\/div><\/div>\n<div id='gite-m'  class='avia-section main_color avia-section-default avia-no-shadow  avia-bg-style-scroll  avia-builder-el-1  el_after_av_slideshow_full  el_before_av_section   container_wrap fullsize' style='background-color: #f0e1c4;  '  ><div class='container' ><div class='template-page content  av-content-full alpha units'><div class='post-entry post-entry-type-page post-entry-327'><div class='entry-content-wrapper clearfix'>\n<section class=\"av_textblock_section \"  itemscope=\"itemscope\" itemtype=\"https:\/\/schema.org\/CreativeWork\" ><div class='avia_textblock  av_inherit_color '  style='color:#6b5849; '  itemprop=\"text\" ><h1 style=\"text-align: center;\">G\u00eetes Markstein et Thur 2\/4 personnes<\/h1>\n<\/div><\/section>\n<div  style='height:50px' class='hr hr-invisible   avia-builder-el-3  el_after_av_textblock  el_before_av_textblock '><span class='hr-inner ' ><span class='hr-inner-style'><\/span><\/span><\/div>\n<section class=\"av_textblock_section \"  itemscope=\"itemscope\" itemtype=\"https:\/\/schema.org\/CreativeWork\" ><div class='avia_textblock  av_inherit_color '  style='color:#6b5849; '  itemprop=\"text\" ><p style=\"font-size: 17px;\">Situ\u00e9s au 2e \u00e9tage d&rsquo;une grande maison, les g\u00eete Thur et Markstein partagent un acc\u00e8s commun.<br \/>\nVous trouverez dans chacun d&rsquo;eux :<\/p>\n<ul style=\"font-size: 17px;\">\n<li>1 salon s\u00e9jour avec canap\u00e9 convertible, TV grand \u00e9cran<\/li>\n<li>1 cuisine avec lave-vaisselle, plaque induction, four, micro-ondes, bouilloire, r\u00e9frig\u00e9rateur cong\u00e9lateur<\/li>\n<li>1 chambre avec 1 lit double 200X160<\/li>\n<li>1 chambre avec 1 lit simple 190X80<\/li>\n<li>1 salle d&rsquo;eau avec cabine de douche et vasque<\/li>\n<li>1 WC s\u00e9par\u00e9<\/li>\n<\/ul>\n<\/div><\/section>\n<div  style='height:30px' class='hr hr-invisible   avia-builder-el-5  el_after_av_textblock  el_before_av_textblock '><span class='hr-inner ' ><span class='hr-inner-style'><\/span><\/span><\/div>\n<section class=\"av_textblock_section \"  itemscope=\"itemscope\" itemtype=\"https:\/\/schema.org\/CreativeWork\" ><div class='avia_textblock  '   itemprop=\"text\" ><h3>G\u00eete Markstein :<\/h3>\n<\/div><\/section>\n<div class=\"flex_column av_one_third  flex_column_div av-zero-column-padding first  avia-builder-el-7  el_after_av_textblock  el_before_av_one_third  column-top-margin\" style='border-radius:0px; '><section class=\"av_textblock_section \"  itemscope=\"itemscope\" itemtype=\"https:\/\/schema.org\/CreativeWork\" ><div class='avia_textblock  av_inherit_color '  style='color:#6b5849; '  itemprop=\"text\" ><h3 style=\"text-align: center;\">Salon<\/h3>\n<\/div><\/section><br \/>\n<div  class='avia-image-container  av-styling-    avia-builder-el-9  el_after_av_textblock  avia-builder-el-last  avia-align-center '  itemprop=\"image\" itemscope=\"itemscope\" itemtype=\"https:\/\/schema.org\/ImageObject\"  ><div class='avia-image-container-inner'><div class='avia-image-overlay-wrap'><a href='https:\/\/lesterrassesdesbouleaux.com\/wp-content\/uploads\/2020\/06\/salon1-1030x773.jpg' class='avia_image'  ><img class='avia_image ' src='https:\/\/lesterrassesdesbouleaux.com\/wp-content\/uploads\/2020\/06\/salon1-1030x773.jpg' alt='' title=''  itemprop=\"thumbnailUrl\"  \/><\/a><\/div><\/div><\/div><\/p><\/div><div class=\"flex_column av_one_third  flex_column_div av-zero-column-padding   avia-builder-el-10  el_after_av_one_third  el_before_av_one_third  column-top-margin\" style='border-radius:0px; '><section class=\"av_textblock_section \"  itemscope=\"itemscope\" itemtype=\"https:\/\/schema.org\/CreativeWork\" ><div class='avia_textblock  av_inherit_color '  style='color:#6b5849; '  itemprop=\"text\" ><h3 style=\"text-align: center;\">Chambre<\/h3>\n<\/div><\/section><br \/>\n<div  class='avia-image-container  av-styling-    avia-builder-el-12  el_after_av_textblock  avia-builder-el-last  avia-align-center '  itemprop=\"image\" itemscope=\"itemscope\" itemtype=\"https:\/\/schema.org\/ImageObject\"  ><div class='avia-image-container-inner'><div class='avia-image-overlay-wrap'><a href='https:\/\/lesterrassesdesbouleaux.com\/wp-content\/uploads\/2020\/05\/2020-05-16-17.29.54-1030x773.jpg' class='avia_image'  ><img class='avia_image ' src='https:\/\/lesterrassesdesbouleaux.com\/wp-content\/uploads\/2020\/05\/2020-05-16-17.29.54-1030x773.jpg' alt='' title='2020-05-16 17.29.54'  itemprop=\"thumbnailUrl\"  \/><\/a><\/div><\/div><\/div><\/p><\/div><div class=\"flex_column av_one_third  flex_column_div av-zero-column-padding   avia-builder-el-13  el_after_av_one_third  el_before_av_hr  column-top-margin\" style='border-radius:0px; '><section class=\"av_textblock_section \"  itemscope=\"itemscope\" itemtype=\"https:\/\/schema.org\/CreativeWork\" ><div class='avia_textblock  av_inherit_color '  style='color:#6b5849; '  itemprop=\"text\" ><h3 style=\"text-align: center;\">Cuisine<\/h3>\n<\/div><\/section><br \/>\n<div  class='avia-image-container  av-styling-    avia-builder-el-15  el_after_av_textblock  avia-builder-el-last  avia-align-center '  itemprop=\"image\" itemscope=\"itemscope\" itemtype=\"https:\/\/schema.org\/ImageObject\"  ><div class='avia-image-container-inner'><div class='avia-image-overlay-wrap'><a href='https:\/\/lesterrassesdesbouleaux.com\/wp-content\/uploads\/2020\/06\/cuisine1-1030x773.jpg' class='avia_image'  ><img class='avia_image ' src='https:\/\/lesterrassesdesbouleaux.com\/wp-content\/uploads\/2020\/06\/cuisine1-1030x773.jpg' alt='' title=''  itemprop=\"thumbnailUrl\"  \/><\/a><\/div><\/div><\/div><\/p><\/div><div  style='height:50px' class='hr hr-invisible   avia-builder-el-16  el_after_av_one_third  el_before_av_textblock '><span class='hr-inner ' ><span class='hr-inner-style'><\/span><\/span><\/div>\n<section class=\"av_textblock_section \"  id=\"gite-t\"  itemscope=\"itemscope\" itemtype=\"https:\/\/schema.org\/CreativeWork\" ><div class='avia_textblock  '   itemprop=\"text\" ><h3>G\u00eete Thur :<\/h3>\n<\/div><\/section>\n<div class=\"flex_column av_one_third  flex_column_div av-zero-column-padding first  avia-builder-el-18  el_after_av_textblock  el_before_av_one_third  column-top-margin\" style='border-radius:0px; '><section class=\"av_textblock_section \"  itemscope=\"itemscope\" itemtype=\"https:\/\/schema.org\/CreativeWork\" ><div class='avia_textblock  av_inherit_color '  style='color:#6b5849; '  itemprop=\"text\" ><h3 style=\"text-align: center;\">Salon<\/h3>\n<\/div><\/section><br \/>\n<div  class='avia-image-container  av-styling-    avia-builder-el-20  el_after_av_textblock  avia-builder-el-last  avia-align-center '  itemprop=\"image\" itemscope=\"itemscope\" itemtype=\"https:\/\/schema.org\/ImageObject\"  ><div class='avia-image-container-inner'><div class='avia-image-overlay-wrap'><a href='https:\/\/lesterrassesdesbouleaux.com\/wp-content\/uploads\/2020\/06\/salon-1030x773.jpg' class='avia_image'  ><img class='avia_image ' src='https:\/\/lesterrassesdesbouleaux.com\/wp-content\/uploads\/2020\/06\/salon-1030x773.jpg' alt='' title=''  itemprop=\"thumbnailUrl\"  \/><\/a><\/div><\/div><\/div><\/p><\/div><div class=\"flex_column av_one_third  flex_column_div av-zero-column-padding   avia-builder-el-21  el_after_av_one_third  el_before_av_one_third  column-top-margin\" style='border-radius:0px; '><section class=\"av_textblock_section \"  itemscope=\"itemscope\" itemtype=\"https:\/\/schema.org\/CreativeWork\" ><div class='avia_textblock  av_inherit_color '  style='color:#6b5849; '  itemprop=\"text\" ><h3 style=\"text-align: center;\">Chambre<\/h3>\n<\/div><\/section><br \/>\n<div  class='avia-image-container  av-styling-    avia-builder-el-23  el_after_av_textblock  avia-builder-el-last  avia-align-center '  itemprop=\"image\" itemscope=\"itemscope\" itemtype=\"https:\/\/schema.org\/ImageObject\"  ><div class='avia-image-container-inner'><div class='avia-image-overlay-wrap'><a href='https:\/\/lesterrassesdesbouleaux.com\/wp-content\/uploads\/2020\/05\/2020-05-23-17.39.31-1030x773.jpg' class='avia_image'  ><img class='avia_image ' src='https:\/\/lesterrassesdesbouleaux.com\/wp-content\/uploads\/2020\/05\/2020-05-23-17.39.31-1030x773.jpg' alt='' title='2020-05-23 17.39.31'  itemprop=\"thumbnailUrl\"  \/><\/a><\/div><\/div><\/div><\/p><\/div><div class=\"flex_column av_one_third  flex_column_div av-zero-column-padding   avia-builder-el-24  el_after_av_one_third  el_before_av_hr  column-top-margin\" style='border-radius:0px; '><section class=\"av_textblock_section \"  itemscope=\"itemscope\" itemtype=\"https:\/\/schema.org\/CreativeWork\" ><div class='avia_textblock  av_inherit_color '  style='color:#6b5849; '  itemprop=\"text\" ><h3 style=\"text-align: center;\">Cuisine<\/h3>\n<\/div><\/section><br \/>\n<div  class='avia-image-container  av-styling-    avia-builder-el-26  el_after_av_textblock  avia-builder-el-last  avia-align-center '  itemprop=\"image\" itemscope=\"itemscope\" itemtype=\"https:\/\/schema.org\/ImageObject\"  ><div class='avia-image-container-inner'><div class='avia-image-overlay-wrap'><a href='https:\/\/lesterrassesdesbouleaux.com\/wp-content\/uploads\/2020\/06\/cuisine-1030x773.jpg' class='avia_image'  ><img class='avia_image ' src='https:\/\/lesterrassesdesbouleaux.com\/wp-content\/uploads\/2020\/06\/cuisine-1030x773.jpg' alt='' title=''  itemprop=\"thumbnailUrl\"  \/><\/a><\/div><\/div><\/div><\/p><\/div><div  style='height:60px' class='hr hr-invisible   avia-builder-el-27  el_after_av_one_third  el_before_av_textblock '><span class='hr-inner ' ><span class='hr-inner-style'><\/span><\/span><\/div>\n<section class=\"av_textblock_section \"  itemscope=\"itemscope\" itemtype=\"https:\/\/schema.org\/CreativeWork\" ><div class='avia_textblock  av_inherit_color '  style='color:#6b5849; '  itemprop=\"text\" ><h2 style=\"text-align: center;\">Disponibilit\u00e9s pour les petits g\u00eetes :<\/h2>\n<\/div><\/section>\n<div class=\"flex_column av_one_full  flex_column_div av-zero-column-padding first  avia-builder-el-29  el_after_av_textblock  avia-builder-el-last  column-top-margin\" style='border-radius:0px; '><\/div>\n\n<\/div><\/div><\/div><!-- close content main div --><\/div><\/div><div id='tarifs'  class='avia-section main_color avia-section-default avia-no-shadow  avia-bg-style-scroll  avia-builder-el-31  el_after_av_section  el_before_av_section   container_wrap fullsize' style='background-color: #efefef;  '  ><div class='container' ><div class='template-page content  av-content-full alpha units'><div class='post-entry post-entry-type-page post-entry-327'><div class='entry-content-wrapper clearfix'>\n<section class=\"av_textblock_section \"  itemscope=\"itemscope\" itemtype=\"https:\/\/schema.org\/CreativeWork\" ><div class='avia_textblock  av_inherit_color '  style='color:#6b5849; '  itemprop=\"text\" ><h1 style=\"text-align: center;\">Tarifs (\u20ac \/ TTC par nuit\u00e9e)<\/h1>\n<\/div><\/section>\n<div  style='height:80px' class='hr hr-invisible   avia-builder-el-33  el_after_av_textblock  el_before_av_textblock  tarifs'><span class='hr-inner ' ><span class='hr-inner-style'><\/span><\/span><\/div>\n<section class=\"av_textblock_section \"  itemscope=\"itemscope\" itemtype=\"https:\/\/schema.org\/CreativeWork\" ><div class='avia_textblock  av_inherit_color '  style='color:#6b5849; '  itemprop=\"text\" ><h3 style=\"text-align: center;\"><img loading=\"lazy\" decoding=\"async\" class=\"alignnone size-full wp-image-537\" src=\"https:\/\/lesterrassesdesbouleaux.com\/wp-content\/uploads\/2023\/12\/tarifs2024.png\" alt=\"\" width=\"955\" height=\"734\" srcset=\"https:\/\/lesterrassesdesbouleaux.com\/wp-content\/uploads\/2023\/12\/tarifs2024.png 955w, https:\/\/lesterrassesdesbouleaux.com\/wp-content\/uploads\/2023\/12\/tarifs2024-300x231.png 300w, https:\/\/lesterrassesdesbouleaux.com\/wp-content\/uploads\/2023\/12\/tarifs2024-768x590.png 768w, https:\/\/lesterrassesdesbouleaux.com\/wp-content\/uploads\/2023\/12\/tarifs2024-705x542.png 705w\" sizes=\"(max-width: 955px) 100vw, 955px\" \/><\/h3>\n<h3 style=\"text-align: center;\"><a href=\"https:\/\/lesterrassesdesbouleaux.com\/wp-content\/uploads\/2023\/12\/Tarifs-2024-Gites-et-Chalets-Spa.pdf\" target=\"_blank\" rel=\"noopener\">tarifs 2024<\/a><\/h3>\n<h3 style=\"text-align: center;\"><a href=\"https:\/\/lesterrassesdesbouleaux.com\/wp-content\/uploads\/2020\/06\/Conditions-de-location-2020-TerrassesFrEn.pdf\" target=\"_blank\" rel=\"noopener\">Voir les conditions de location \/ See the rental conditions<\/a><\/h3>\n<\/div><\/section>\n<\/div><\/div><\/div><!-- close content main div --><\/div><\/div><div id='acces'  class='avia-section main_color avia-section-default avia-no-shadow  avia-bg-style-scroll  avia-builder-el-35  el_after_av_section  avia-builder-el-last   container_wrap fullsize' style='background-color: #f0e1c4;  '  ><div class='container' ><div class='template-page content  av-content-full alpha units'><div class='post-entry post-entry-type-page post-entry-327'><div class='entry-content-wrapper clearfix'>\n<section class=\"av_textblock_section \"  itemscope=\"itemscope\" itemtype=\"https:\/\/schema.org\/CreativeWork\" ><div class='avia_textblock  av_inherit_color '  style='color:#6b5849; '  itemprop=\"text\" ><h2 style=\"text-align: center;\">8 rue des Bouleaux &#8211; Ranspach<\/h2>\n<\/div><\/section>\n\n<\/p>\n","protected":false},"excerpt":{"rendered":"","protected":false},"author":1,"featured_media":0,"parent":0,"menu_order":0,"comment_status":"closed","ping_status":"closed","template":"","meta":{"_monsterinsights_skip_tracking":false,"_monsterinsights_sitenote_active":false,"_monsterinsights_sitenote_note":"","_monsterinsights_sitenote_category":0,"footnotes":""},"yoast_head":"<!-- This site is optimized with the Yoast SEO plugin v16.3 - https:\/\/yoast.com\/wordpress\/plugins\/seo\/ -->\n<title>Les g\u00eetes - Les Terrasses des Bouleaux<\/title>\n<meta name=\"robots\" content=\"index, follow, max-snippet:-1, max-image-preview:large, max-video-preview:-1\" \/>\n<link rel=\"canonical\" href=\"https:\/\/lesterrassesdesbouleaux.com\/index.php\/les-gites\/\" \/>\n<meta property=\"og:locale\" content=\"fr_FR\" \/>\n<meta property=\"og:type\" content=\"article\" \/>\n<meta property=\"og:title\" content=\"Les g\u00eetes - Les Terrasses des Bouleaux\" \/>\n<meta property=\"og:url\" content=\"https:\/\/lesterrassesdesbouleaux.com\/index.php\/les-gites\/\" \/>\n<meta property=\"og:site_name\" content=\"Les Terrasses des Bouleaux\" \/>\n<meta property=\"article:modified_time\" content=\"2023-12-24T08:34:38+00:00\" \/>\n<meta property=\"og:image\" content=\"https:\/\/lesterrassesdesbouleaux.com\/wp-content\/uploads\/2023\/12\/tarifs2024.png\" \/>\n<meta name=\"twitter:card\" content=\"summary_large_image\" \/>\n<meta name=\"twitter:label1\" content=\"Dur\u00e9e de lecture est.\">\n\t<meta name=\"twitter:data1\" content=\"12 minutes\">\n<script type=\"application\/ld+json\" class=\"yoast-schema-graph\">{\"@context\":\"https:\/\/schema.org\",\"@graph\":[{\"@type\":\"Organization\",\"@id\":\"https:\/\/lesterrassesdesbouleaux.com\/#organization\",\"name\":\"Les Terrasses des Bouleaux\",\"url\":\"https:\/\/lesterrassesdesbouleaux.com\/\",\"sameAs\":[],\"logo\":{\"@type\":\"ImageObject\",\"@id\":\"https:\/\/lesterrassesdesbouleaux.com\/#logo\",\"inLanguage\":\"fr-FR\",\"url\":\"https:\/\/lesterrassesdesbouleaux.com\/wp-content\/uploads\/2019\/10\/cuisine.jpg\",\"contentUrl\":\"https:\/\/lesterrassesdesbouleaux.com\/wp-content\/uploads\/2019\/10\/cuisine.jpg\",\"width\":1500,\"height\":1125,\"caption\":\"Les Terrasses des Bouleaux\"},\"image\":{\"@id\":\"https:\/\/lesterrassesdesbouleaux.com\/#logo\"}},{\"@type\":\"WebSite\",\"@id\":\"https:\/\/lesterrassesdesbouleaux.com\/#website\",\"url\":\"https:\/\/lesterrassesdesbouleaux.com\/\",\"name\":\"Les Terrasses des Bouleaux\",\"description\":\"\",\"publisher\":{\"@id\":\"https:\/\/lesterrassesdesbouleaux.com\/#organization\"},\"potentialAction\":[{\"@type\":\"SearchAction\",\"target\":\"https:\/\/lesterrassesdesbouleaux.com\/?s={search_term_string}\",\"query-input\":\"required name=search_term_string\"}],\"inLanguage\":\"fr-FR\"},{\"@type\":\"ImageObject\",\"@id\":\"https:\/\/lesterrassesdesbouleaux.com\/index.php\/les-gites\/#primaryimage\",\"inLanguage\":\"fr-FR\",\"url\":\"https:\/\/lesterrassesdesbouleaux.com\/wp-content\/uploads\/2023\/12\/tarifs2024.png\",\"contentUrl\":\"https:\/\/lesterrassesdesbouleaux.com\/wp-content\/uploads\/2023\/12\/tarifs2024.png\",\"width\":955,\"height\":734},{\"@type\":\"WebPage\",\"@id\":\"https:\/\/lesterrassesdesbouleaux.com\/index.php\/les-gites\/#webpage\",\"url\":\"https:\/\/lesterrassesdesbouleaux.com\/index.php\/les-gites\/\",\"name\":\"Les g\\u00eetes - Les Terrasses des Bouleaux\",\"isPartOf\":{\"@id\":\"https:\/\/lesterrassesdesbouleaux.com\/#website\"},\"primaryImageOfPage\":{\"@id\":\"https:\/\/lesterrassesdesbouleaux.com\/index.php\/les-gites\/#primaryimage\"},\"datePublished\":\"2020-07-23T14:15:31+00:00\",\"dateModified\":\"2023-12-24T08:34:38+00:00\",\"breadcrumb\":{\"@id\":\"https:\/\/lesterrassesdesbouleaux.com\/index.php\/les-gites\/#breadcrumb\"},\"inLanguage\":\"fr-FR\",\"potentialAction\":[{\"@type\":\"ReadAction\",\"target\":[\"https:\/\/lesterrassesdesbouleaux.com\/index.php\/les-gites\/\"]}]},{\"@type\":\"BreadcrumbList\",\"@id\":\"https:\/\/lesterrassesdesbouleaux.com\/index.php\/les-gites\/#breadcrumb\",\"itemListElement\":[{\"@type\":\"ListItem\",\"position\":1,\"item\":{\"@type\":\"WebPage\",\"@id\":\"https:\/\/lesterrassesdesbouleaux.com\/\",\"url\":\"https:\/\/lesterrassesdesbouleaux.com\/\",\"name\":\"Accueil\"}},{\"@type\":\"ListItem\",\"position\":2,\"item\":{\"@id\":\"https:\/\/lesterrassesdesbouleaux.com\/index.php\/les-gites\/#webpage\"}}]}]}<\/script>\n<!-- \/ Yoast SEO plugin. -->","_links":{"self":[{"href":"https:\/\/lesterrassesdesbouleaux.com\/index.php\/wp-json\/wp\/v2\/pages\/327"}],"collection":[{"href":"https:\/\/lesterrassesdesbouleaux.com\/index.php\/wp-json\/wp\/v2\/pages"}],"about":[{"href":"https:\/\/lesterrassesdesbouleaux.com\/index.php\/wp-json\/wp\/v2\/types\/page"}],"author":[{"embeddable":true,"href":"https:\/\/lesterrassesdesbouleaux.com\/index.php\/wp-json\/wp\/v2\/users\/1"}],"replies":[{"embeddable":true,"href":"https:\/\/lesterrassesdesbouleaux.com\/index.php\/wp-json\/wp\/v2\/comments?post=327"}],"version-history":[{"count":28,"href":"https:\/\/lesterrassesdesbouleaux.com\/index.php\/wp-json\/wp\/v2\/pages\/327\/revisions"}],"predecessor-version":[{"id":541,"href":"https:\/\/lesterrassesdesbouleaux.com\/index.php\/wp-json\/wp\/v2\/pages\/327\/revisions\/541"}],"wp:attachment":[{"href":"https:\/\/lesterrassesdesbouleaux.com\/index.php\/wp-json\/wp\/v2\/media?parent=327"}],"curies":[{"name":"wp","href":"https:\/\/api.w.org\/{rel}","templated":true}]}}